{"id":3,"date":"2019-01-27T16:47:47","date_gmt":"2019-01-27T15:47:47","guid":{"rendered":"http:\/\/rhein-main-financial.de\/?page_id=3"},"modified":"2024-02-06T12:17:45","modified_gmt":"2024-02-06T11:17:45","slug":"datenschutzerklaerung","status":"publish","type":"page","link":"https:\/\/rhein-main-financial.de\/de\/datenschutzerklaerung\/","title":{"rendered":"Datenschutzerkl\u00e4rung"},"content":{"rendered":"<\/p>\r\n<p>&nbsp;<\/p>\r\n<p class=\"default-style\">1. Allgemeine Bestimmungen zum Datenschutz<br \/>Die Rhein-Main Financial GmbH freut sich \u00fcber Ihren Besuch auf unserer Webseite und Ihr Interesse an unseren Produkten. Der Schutz Ihrer personenbezogenen Daten ist f\u00fcr uns ein wichtiges Anliegen und wir m\u00f6chten, dass Sie sich bei uns sicher f\u00fchlen. Wir haben uns als Unternehmen dagegen entschieden, Daten in den USA speichern zu lassen. Nachfolgend finden Sie eine Zusammenstellung, welche Informationen erhoben, verarbeitet und genutzt werden.<\/p>\r\n<p class=\"default-style\">1.1 Vorkehrungen<br \/>Alle Mitarbeiterinnen und Mitarbeiter unseres Unternehmens werden geschult und nach \u00a75 Bundesdatenschutzgesetz (BDSG) auf das Datengeheimnis verpflichtet. Unser Webserver befindet sich in einem Rechenzentrum mit ISO 27001 Zertifizierung und technische Sicherheitsvorkehrungen werden laufend an die aktuellen Gegebenheiten und Anforderungen angepasst.<\/p>\r\n<p class=\"default-style\">1.2 Datensicherheit<br \/>Ein Zugriff auf Ihre in unserer Datenbank gespeicherten Daten erfolgt von uns selbstverst\u00e4ndlich nur \u00fcber eine verschl\u00fcsselte Verbindung und nur f\u00fcr autorisiertes Personal. Dritte haben keine M\u00f6glichkeit, diese Daten einzusehen oder zu nutzen. Wir speichern in unserer Datenbank keine Kennw\u00f6rter im Klartext, sondern ausschlie\u00dflich verschl\u00fcsselt. Die Kennw\u00f6rter werden beim Verschl\u00fcsselungsvorgang grunds\u00e4tzlich mit einem Zusatz versehen (&#8220;gesalzen&#8221;), weshalb die Kennw\u00f6rter nicht mit einfachen Vergleichen bekannter Hashes zu ermitteln sind.<\/p>\r\n<p class=\"default-style\">Durch den Einsatz modernster Firewallsysteme sorgen wir f\u00fcr den gr\u00f6\u00dftm\u00f6glichen Schutz Ihrer Daten.<\/p>\r\n<p class=\"default-style\">Ihr gesamter Besuch auf unserer Homepage sowie die Nutzung des Kundenmen\u00fcs erfolgt ausschlie\u00dflich \u00fcber eine SSL-verschl\u00fcsselte Verbindung (https:\/\/).<\/p>\r\n<p class=\"default-style\">2. Umfang und Nutzung von personenbezogenen Daten<br \/>2.1 Bestandsdaten<br \/>Personenbezogene Daten sind Informationen, die dazu genutzt werden k\u00f6nnen, Ihre Identit\u00e4t zu erfahren. Darunter fallen Informationen wie Ihr richtiger Name, Adresse, Postanschrift, Telefonnummer. Informationen, die nicht direkt mit Ihrer wirklichen Identit\u00e4t in Verbindung gebracht werden (wie zum Beispiel favorisierte Webseiten oder Anzahl der Nutzer einer Site) fallen nicht darunter.<\/p>\r\n<p class=\"default-style\">Sie k\u00f6nnen unser Online-Angebot grunds\u00e4tzlich ohne Offenlegung Ihrer Identit\u00e4t nutzen. Wenn Sie unser Kontaktformular benutzen, fragen wir Sie nach Ihrem Namen und nach anderen pers\u00f6nlichen Informationen. Es unterliegt Ihrer freien Entscheidung, ob Sie diese Daten eingeben.<\/p>\r\n<p class=\"default-style\">Bei Ihrer ersten Bestellung \/ Angebot erfassen wir Ihre personenbezogenen Daten \u00fcber unsere Software, welche zur Auftragserf\u00fcllung zwingend notwendig sind. Wir achten hier explizit auf Datensparsamkeit. Wenn wir bei Stammkunden weitere personenbezogene Daten, z.B. Ihr Geburtsdatum, erfragen, so geschieht eine Speicherung explizit nur mit Ihrer Einverst\u00e4ndnis.<\/p>\r\n<p class=\"default-style\">Im Einzelnen werden folgende Bestandsdaten bei Erstbestellung erfasst:<\/p>\r\n<p class=\"default-style\">Anrede<br \/>Vorname, Nachname<br \/>Organisation (freigestellt)<br \/>Anschrift<br \/>Telefon<br \/>Ihre E-Mail-Adresse<br \/>Sprache<br \/>UstIDNr. (nur bei Firmen aus dem EU-Ausland)<br \/>H\u00e4ndler ja\/nein<br \/>Diese Daten werden bei uns zentral erfasst und f\u00fcr die Abwicklung des Vertragsverh\u00e4ltnisses genutzt. Sie k\u00f6nnen von uns jederzeit einen Auszug Ihrer gespeicherten Daten erhalten.<\/p>\r\n<p class=\"default-style\">2.2 Weitergabe von Daten<br \/>Im Falle einer Fahrzeuglieferung geben wir, um den Auftrag abwickeln zu k\u00f6nnen, Ihre Anschrift an unsere beauftragte Spedition weiter.<\/p>\r\n<p class=\"default-style\">Falls eine Zulassung erw\u00fcnscht ist, erm\u00e4chtigen Sie uns mit Ihrer Unterschrift, dass wir Ihren Namen, Anschrift und ggf. ben\u00f6tigte Dokumente an den Zulassungsdienst weitergeben d\u00fcrfen. Dokumente werden im Rahmen der gesetzlichen Vorschriften archiviert und nach Ablauf der Aufbewahrungsfrist durch einen zertifizierten Aktenvernichtungsdienst vernichtet.<\/p>\r\n<p class=\"default-style\">Sollten wir im Rahmen der Auftragsdatenverarbeitung Daten an Dienstleister \u00fcbermitteln, so sind diese as das BDSG, andere gesetzliche Vorschriften und vertraglich an diese Datenschutzerkl\u00e4rung der Rhein-Main Financial GmbH gebunden.<\/p>\r\n<p class=\"default-style\">2.3 Offenlegung an Dritte<br \/>Auf Anordnung eines ordentlichen Gerichts, bei Aufforderung durch eine Ermittlungsbeh\u00f6rde oder zu Beweiszwecken (z.B. bei Versto\u00df gegen unsere AGB) k\u00f6nnen die bei uns gespeicherten Daten und Informationen im Rahmen der geltenden Gesetze genutzt und gegen\u00fcber Dritten offengelegt werden, sofern dies erforderlich ist.<\/p>\r\n<p class=\"default-style\">Ihre Daten werden niemals und unter keinen Umst\u00e4nden an Dritte weitergegeben, sofern dies nicht, wie oben erl\u00e4utert, unbedingt notwendig ist. Keinesfalls verkaufen wir Ihre Daten, geben sie zu Werbezwecken weiter oder nutzen sie \u00fcber das erforderliche Mindestmass hinaus.<\/p>\r\n<p class=\"default-style\">2.4 Einsatz von Newslettersoftware<br \/>Wir verschicken aktuell keinen Newsletter an unsere Kundschaft.<\/p>\r\n<p class=\"default-style\">3. Umfang und Nutzung von Nutzungsdaten und Verkehrsdaten<br \/>Sofern Sie Besucher unserer Webseiten sind, werden durch unsere Webserver keine Verbindungsdaten in Logfiles erhoben, da deaktiviert.<\/p>\r\n<p class=\"default-style\">4. Einsatz von Cookies<br \/>4.1 Unsere Webseiten<br \/>Bei Besuch unserer Webseite wird ein s.g. Session Cookie erzeugt, welcher nur w\u00e4hrend Ihres Besuches g\u00fcltig ist. Im Gegensatz zu einem Tracking Cookie ist es nicht m\u00f6glich, diesen Cookie Domain-\u00fcbergreifend auszuwerten, wie es Werbenetzwerke tun. Der Cookie dient selbstverst\u00e4ndlich nicht der Auswertung Ihres Nutzerverhaltens o.\u00e4. Vielmehr ist es durch diesen Cookie \u00fcberhaupt erst m\u00f6glich, den Zutritt zum Fahrzeugbestand ausschlie\u00dflich f\u00fcr H\u00e4ndler zu erm\u00f6glichen.<\/p>\r\n<p class=\"default-style\">4.2 Piwik<br \/>Auf dieser Website werden zu Marketing- und Optimierungszwecken Analysetools von Piwik eingesetzt. Hierbei werden Daten in anonymisierter Form gesammelt und gespeichert, wie beispielsweise der Name Ihres Internetserviceproviders und welche Seiten unseres Internetangebotes Sie besucht haben. Piwik verwendet s.g. &#8220;Cookies&#8221;, das sind Textdateien, welche auf Ihrem Computer gespeichert werden und die eine Analyse der Benutzung der Webseite durch Sie erm\u00f6glichen. Die durch den Cookie erzeugten Informationen \u00fcber Ihre Benutzung der Webseite werden auf unserem Webserver in einer Datenbank gespeichert. Die im Rahmen von Piwik von Ihrem Browser \u00fcbermittelte IP-Adresse wird nicht mit anderen Daten \/ Diensten von uns zusammengef\u00fchrt, zumal diese nur in maskierter Form (anonymisiert) vorliegt.<\/p>\r\n<p class=\"default-style\">Die erhobenen Daten werden nicht dazu genutzt, den Besucher dieser Webseite pers\u00f6nlich zu identifizieren, der einzelne Nutzer bleibt anonym, es werden keinerlei Daten an Dritte weitergegeben. Vielmehr erstellt Piwik aus diesen Informationen diverse Reports \u00fcber die Webseiten-Aktivit\u00e4ten.<\/p>\r\n<p class=\"default-style\">Im Rahmen von Piwik sind wir dazu verpflichtet, Sie auf Ihr Widerspruchsm\u00f6glichkeit hinzuweisen. Sie k\u00f6nnen das Tracking mit diesem Link deaktivieren. Der Opt-Out Cookie gilt nur f\u00fcr diesen Browser auf diesem Ger\u00e4t und nur f\u00fcr unsere Webseite! L\u00f6schen Sie den Cookie in diesem Browser, m\u00fcssen Sie das Opt-Out Cookie erneut setzen!<\/p>\r\n<p class=\"default-style\">4.3 Social Plugins<br \/>Auf unseren Webseiten setzen wir keine Social Plugins wie z.B. Facebook Like-Button ein! Ihre IP-Adresse und ggf. Ihr angemeldetes Profil werden somit auch nicht an diese Betreiber \u00fcbermittelt.<\/p>\r\n<p class=\"default-style\">5. L\u00f6schung von Daten<br \/>Die Bestandsdaten werden sp\u00e4testens mit Ablauf des auf die Beendigung des Vertragsverh\u00e4ltnisses folgenden Kalenderjahres gel\u00f6scht, sofern dem im Einzelfall nicht besondere Gr\u00fcnde entgegen stehen. Soweit Kunden gegen die H\u00f6he der in der Rechnung gestellten Leistungsentgelte Einwendungen erhoben haben, d\u00fcrfen die Abrechnungsdaten gespeichert werden, bis die Einwendungen abschlie\u00dfend gekl\u00e4rt sind.<\/p>\r\n<p class=\"default-style\">Ferner k\u00f6nnen Bestandsdaten bis zum Ablauf von zwei Jahren gespeichert bleiben, sofern Beschwerdebearbeitungen sowie sonstige Gr\u00fcnde einer ordnungsgem\u00e4\u00dfen Abwicklung des Vertragsverh\u00e4ltnisses dies erfordern. Im \u00dcbrigen darf die L\u00f6schung von Bestands- und Abrechnungsdaten unterbleiben, soweit dies gesetzliche Regelungen vorsehen oder die Verfolgung von Anspr\u00fcchen dies erfordert.<\/p>\r\n<p class=\"default-style\">Nutzungsdaten bzw. Verkehrsdaten werden in der Regel nach Beendigung des Nutzungsvorgangs bzw. der Verbindung gel\u00f6scht.<\/p>\r\n<p class=\"default-style\">6. Ausk\u00fcnfte<br \/>Wir erteilen Ihnen auf Verlangen unentgeltlich und unverz\u00fcglich Auskunft \u00fcber die zu Ihrer Person gespeicherten Daten. Wenden Sie sich bitte schriftlich an:<\/p>\r\n<p class=\"default-style\">Rhein-Main Financial GmbH<br \/>Mergenthalerallee 77<br \/>DE-65760 Eschborn<\/p>\r\n<p>oder per E-Mail an: info@rhein-main-financial.de<br \/>7. Kinder<br \/>Personen unter 18 Jahren sollten ohne Zustimmung der Eltern oder Erziehungsberechtigen keine personenbezogenen Daten an uns \u00fcbermitteln.<\/p>\r\n<p class=\"default-style\">8. Links zu anderen Webseiten<br \/>Unser Online-Angebot enth\u00e4lt Links zu anderern Webseiten. Wir haben keinen Einfluss darauf, dass deren Betreiber die Datenschutzbestimmungen einhalten.<\/p>\r\n<p class=\"default-style\">9. \u00c4nderung der Datenschutzhinweise<br \/>Bitte beachten Sie, dass diese Datenschutzhinweise jederzeit unter Beachtung der geltenden Datenschutzvorschriften ge\u00e4ndert werden k\u00f6nnen. Es gilt immer die zum Zeitpunkt Ihres Besuchs abrufbare Fassung.<\/p>\r\n<p class=\"default-style\">Falls Sie noch Fragen haben, k\u00f6nnen Sie uns gerne unter info@rhein-main-financial.de kontaktieren.<\/p>\r\n<p class=\"default-style\">Stand: Februar 2018<\/p>\r\n<h2 class=\"wp-block-heading\">\u00a0<\/h2>\r\n<h3>\u00a0<\/h3>","protected":false},"excerpt":{"rendered":"<p>&nbsp; 1. Allgemeine Bestimmungen zum DatenschutzDie Rhein-Main Financial GmbH freut sich \u00fcber Ihren Besuch auf unserer Webseite und Ihr Interesse [&hellip;]<\/p>","protected":false},"author":1,"featured_media":0,"parent":0,"menu_order":0,"comment_status":"closed","ping_status":"open","template":"","meta":{"site-sidebar-layout":"default","site-content-layout":"","ast-site-content-layout":"","site-content-style":"default","site-sidebar-style":"default","ast-global-header-display":"","ast-banner-title-visibility":"","ast-main-header-display":"","ast-hfb-above-header-display":"","ast-hfb-below-header-display":"","ast-hfb-mobile-header-display":"","site-post-title":"","ast-breadcrumbs-content":"","ast-featured-img":"","footer-sml-layout":"","theme-transparent-header-meta":"","adv-header-id-meta":"","stick-header-meta":"","header-above-stick-meta":"","header-main-stick-meta":"","header-below-stick-meta":"","astra-migrate-meta-layouts":"default","ast-page-background-enabled":"default","ast-page-background-meta":{"desktop":{"background-color":"var(--ast-global-color-4)","background-image":"","background-repeat":"repeat","background-position":"center center","background-size":"auto","background-attachment":"scroll","background-type":"","background-media":"","overlay-type":"","overlay-color":"","overlay-gradient":""},"tablet":{"background-color":"","background-image":"","background-repeat":"repeat","background-position":"center center","background-size":"auto","background-attachment":"scroll","background-type":"","background-media":"","overlay-type":"","overlay-color":"","overlay-gradient":""},"mobile":{"background-color":"","background-image":"","background-repeat":"repeat","background-position":"center center","background-size":"auto","background-attachment":"scroll","background-type":"","background-media":"","overlay-type":"","overlay-color":"","overlay-gradient":""}},"ast-content-background-meta":{"desktop":{"background-color":"var(--ast-global-color-5)","background-image":"","background-repeat":"repeat","background-position":"center center","background-size":"auto","background-attachment":"scroll","background-type":"","background-media":"","overlay-type":"","overlay-color":"","overlay-gradient":""},"tablet":{"background-color":"var(--ast-global-color-5)","background-image":"","background-repeat":"repeat","background-position":"center center","background-size":"auto","background-attachment":"scroll","background-type":"","background-media":"","overlay-type":"","overlay-color":"","overlay-gradient":""},"mobile":{"background-color":"var(--ast-global-color-5)","background-image":"","background-repeat":"repeat","background-position":"center center","background-size":"auto","background-attachment":"scroll","background-type":"","background-media":"","overlay-type":"","overlay-color":"","overlay-gradient":""}},"footnotes":""},"_links":{"self":[{"href":"https:\/\/rhein-main-financial.de\/de\/wp-json\/wp\/v2\/pages\/3"}],"collection":[{"href":"https:\/\/rhein-main-financial.de\/de\/wp-json\/wp\/v2\/pages"}],"about":[{"href":"https:\/\/rhein-main-financial.de\/de\/wp-json\/wp\/v2\/types\/page"}],"author":[{"embeddable":true,"href":"https:\/\/rhein-main-financial.de\/de\/wp-json\/wp\/v2\/users\/1"}],"replies":[{"embeddable":true,"href":"https:\/\/rhein-main-financial.de\/de\/wp-json\/wp\/v2\/comments?post=3"}],"version-history":[{"count":10,"href":"https:\/\/rhein-main-financial.de\/de\/wp-json\/wp\/v2\/pages\/3\/revisions"}],"predecessor-version":[{"id":580,"href":"https:\/\/rhein-main-financial.de\/de\/wp-json\/wp\/v2\/pages\/3\/revisions\/580"}],"wp:attachment":[{"href":"https:\/\/rhein-main-financial.de\/de\/wp-json\/wp\/v2\/media?parent=3"}],"curies":[{"name":"wp","href":"https:\/\/api.w.org\/{rel}","templated":true}]}}