{"id":390,"date":"2019-04-11T17:27:41","date_gmt":"2019-04-11T15:27:41","guid":{"rendered":"http:\/\/rhein-main-financial.de\/?page_id=390"},"modified":"2024-02-01T15:31:29","modified_gmt":"2024-02-01T14:31:29","slug":"impressum","status":"publish","type":"page","link":"https:\/\/rhein-main-financial.de\/de\/impressum\/","title":{"rendered":"Impressum"},"content":{"rendered":"<h3 class=\"wp-block-heading\">Angaben gem\u00e4\u00df \u00a7 5 TMG<\/h3>\n\n\n\n<p>Rhein-Main Financial GmbH<br>Mergenthalerallee&nbsp;77<br>DE-65760 Eschborn<br>Telefon: +49 (0)6196 779889-2<br>Fax: +49 (0)6196 779889-3<br>eMail: info@rhein-main-financial.de<br>Homepage: <a href=\"https:\/\/rhein-main-financial.de\/de\/\">www.rhein-main-financial.de<\/a><\/p>\n\n\n\n<p>________________________________<\/p>\n\n\n\n<p>Gesch\u00e4ftsf\u00fchrer: Lasaad Derbali<br>Sitz und Registergericht: Frankfurt am Main<br>HRB-Nummer: 86237<br>Ust.-Identnummer: DE267414486<br>Berufsaufsichtsbeh\u00f6rde: Gewerbeerlaubnis 34C \/Aachen[\/vc_column_text][\/vc_column][vc_column width=&#8221;3\/4&#8243;][vc_column_text]<\/p>\n\n\n\n<p>Urheberrechte<br>\u00a9 Copyright Rhein-Main Financial GmbH. Alle Rechte vorbehalten. Text, Bilder, Grafiken, Sound, Animationen und Videos sowie deren Anordnung auf allen Rhein-Main Financial &#8211; Webseiten unterliegen dem Schutz des Urheberrechts und anderer Schutzgesetze.<br>Der Inhalt dieser Website darf nicht zu kommerziellen Zwecken kopiert, verbreitet, ver\u00e4ndert oder Dritten zug\u00e4nglich gemacht werden. Wir weisen daraufhin, dass auf den Websites enthaltene Bilder teilweise dem Urheberrecht Dritter unterliegen.<\/p>\n\n\n\n<p>Gesch\u00fctzte Warenzeichen oder Namen werden in der Regel nicht als solche kenntlich gemacht. Das Fehlen einer solchen Kennzeichnung bedeutet nicht, dass es sich um einen freien Namen im Sinne des Waren- und Markenrechts handelt.<\/p>\n\n\n\n<p>Lizenz<br>Die Rhein-Main Financial GmbH m\u00f6chte sich Ihnen mit einer innovativen und informativen Website pr\u00e4sentieren. Das darin enthaltene geistige Eigentum wie Patente, Marken und Urheberrechte sind gesch\u00fctzt. Durch diese Website wird keine Lizenz zur Nutzung des geistigen Eigentums von Unternehmen der Rhein-Main Financial GmbH oder Dritten erteilt.<\/p>\n\n\n\n<p>Haftungsausschluss<br>Haftung f\u00fcr Inhalte:<br>Diese Website wurde mit gr\u00f6\u00dftm\u00f6glicher Sorgfalt zusammengestellt. Trotzdem kann keine Gew\u00e4hr f\u00fcr die Fehlerfreiheit und Genauigkeit der enthaltenen Informationen \u00fcbernommen werden. Jegliche Haftung f\u00fcr Sch\u00e4den, die direkt oder indirekt aus der Benutzung dieser Website entstehen, wird ausgeschlossen, soweit diese nicht auf Vorsatz oder grober Fahrl\u00e4ssigkeit beruhen.<\/p>\n\n\n\n<p>Haftung f\u00fcr Links:<br>Sofern von dieser Website auf Internetseiten verwiesen wird, die von Dritten betrieben werden, \u00fcbernimmt die Rhein-Main Financial GmbH keine Verantwortung f\u00fcr deren Inhalte. Mit dem Urteil vom 12.05.1998 &#8211; 312O 85\/98 &#8211; \u201d Haftung f\u00fcr Links\u201d hat das Landgericht Hamburg entschieden, dass man ggf. durch die Anbringung eines Links die Inhalte der gelinkten Seiten und ggf. sogar der dort angebrachten Links mitzuverantworten hat. Dieses kann nur dadurch verhindert werden, dass man sich ausdr\u00fccklich von diesen Inhalten distanziert.<br>\u201dHiermit distanzieren wir uns ausdr\u00fccklich von allen Inhalten aller gelinkten Seiten auf unserer Homepage und machen uns diese Inhalte nicht zu eigen. Diese Erkl\u00e4rung gilt f\u00fcr alle auf unserer Homepage angebrachten Links.\u201d<\/p>\n\n\n\n<p>Bei technischen Fragen wenden Sie sich bitte an:<br>info@rhein-main-financial.de<\/p>\n\n\n\n<p>Datenschutz<br>Unsere \u00bb <a href=\"https:\/\/rhein-main-financial.de\/de\/datenschutzerklaerung\/\">Datenschutzerkl\u00e4rung<\/a> finden Sie hier.<\/p>","protected":false},"excerpt":{"rendered":"<p>Angaben gem\u00e4\u00df \u00a7 5 TMG Rhein-Main Financial GmbHMergenthalerallee&nbsp;77DE-65760 EschbornTelefon: +49 (0)6196 779889-2Fax: +49 (0)6196 779889-3eMail: info@rhein-main-financial.deHomepage: www.rhein-main-financial.de ________________________________ Gesch\u00e4ftsf\u00fchrer: Lasaad [&hellip;]<\/p>","protected":false},"author":1,"featured_media":0,"parent":0,"menu_order":0,"comment_status":"closed","ping_status":"closed","template":"","meta":{"site-sidebar-layout":"default","site-content-layout":"","ast-site-content-layout":"","site-content-style":"default","site-sidebar-style":"default","ast-global-header-display":"","ast-banner-title-visibility":"","ast-main-header-display":"","ast-hfb-above-header-display":"","ast-hfb-below-header-display":"","ast-hfb-mobile-header-display":"","site-post-title":"","ast-breadcrumbs-content":"","ast-featured-img":"","footer-sml-layout":"","theme-transparent-header-meta":"","adv-header-id-meta":"","stick-header-meta":"","header-above-stick-meta":"","header-main-stick-meta":"","header-below-stick-meta":"","astra-migrate-meta-layouts":"default","ast-page-background-enabled":"default","ast-page-background-meta":{"desktop":{"background-color":"var(--ast-global-color-4)","background-image":"","background-repeat":"repeat","background-position":"center center","background-size":"auto","background-attachment":"scroll","background-type":"","background-media":"","overlay-type":"","overlay-color":"","overlay-gradient":""},"tablet":{"background-color":"","background-image":"","background-repeat":"repeat","background-position":"center center","background-size":"auto","background-attachment":"scroll","background-type":"","background-media":"","overlay-type":"","overlay-color":"","overlay-gradient":""},"mobile":{"background-color":"","background-image":"","background-repeat":"repeat","background-position":"center center","background-size":"auto","background-attachment":"scroll","background-type":"","background-media":"","overlay-type":"","overlay-color":"","overlay-gradient":""}},"ast-content-background-meta":{"desktop":{"background-color":"var(--ast-global-color-5)","background-image":"","background-repeat":"repeat","background-position":"center center","background-size":"auto","background-attachment":"scroll","background-type":"","background-media":"","overlay-type":"","overlay-color":"","overlay-gradient":""},"tablet":{"background-color":"var(--ast-global-color-5)","background-image":"","background-repeat":"repeat","background-position":"center center","background-size":"auto","background-attachment":"scroll","background-type":"","background-media":"","overlay-type":"","overlay-color":"","overlay-gradient":""},"mobile":{"background-color":"var(--ast-global-color-5)","background-image":"","background-repeat":"repeat","background-position":"center center","background-size":"auto","background-attachment":"scroll","background-type":"","background-media":"","overlay-type":"","overlay-color":"","overlay-gradient":""}},"footnotes":""},"_links":{"self":[{"href":"https:\/\/rhein-main-financial.de\/de\/wp-json\/wp\/v2\/pages\/390"}],"collection":[{"href":"https:\/\/rhein-main-financial.de\/de\/wp-json\/wp\/v2\/pages"}],"about":[{"href":"https:\/\/rhein-main-financial.de\/de\/wp-json\/wp\/v2\/types\/page"}],"author":[{"embeddable":true,"href":"https:\/\/rhein-main-financial.de\/de\/wp-json\/wp\/v2\/users\/1"}],"replies":[{"embeddable":true,"href":"https:\/\/rhein-main-financial.de\/de\/wp-json\/wp\/v2\/comments?post=390"}],"version-history":[{"count":19,"href":"https:\/\/rhein-main-financial.de\/de\/wp-json\/wp\/v2\/pages\/390\/revisions"}],"predecessor-version":[{"id":582,"href":"https:\/\/rhein-main-financial.de\/de\/wp-json\/wp\/v2\/pages\/390\/revisions\/582"}],"wp:attachment":[{"href":"https:\/\/rhein-main-financial.de\/de\/wp-json\/wp\/v2\/media?parent=390"}],"curies":[{"name":"wp","href":"https:\/\/api.w.org\/{rel}","templated":true}]}}